{"id":234889,"date":"2023-07-12T09:22:15","date_gmt":"2023-07-12T07:22:15","guid":{"rendered":"http:\/\/mybeautysurgery.com\/?page_id=234889"},"modified":"2024-10-04T02:39:08","modified_gmt":"2024-10-04T00:39:08","slug":"imprint-3","status":"publish","type":"page","link":"https:\/\/mybeautysurgery.com\/en\/finanzierung\/","title":{"rendered":"Financing"},"content":{"rendered":"<p>We are pleased to introduce you to Kredit24 GmbH. Our aim is to offer you the best possible all-round care and support for your beauty dream. That is why we have decided to enter into a partnership with Kredit24 GmbH. With Kredit24's financing options, you can have your desired procedure carried out immediately and pay the costs conveniently in monthly instalments.<\/p>\n<p>The advantages of financing through Kredit24 GmbH are manifold. You benefit from low interest rates, flexible terms and uncomplicated processing. In addition, experienced financial advisors are on hand to help you choose the right financing plan and will be happy to answer all your questions.<\/p>\n<p>We want to offer you the best possible customer service. That's why we attach great importance to transparency and fairness. At Krdit24, all costs and conditions are explained to you clearly and comprehensibly so that you know exactly what you are getting into.<\/p>\n<p>Realise the dream of your dream surgery and let Kredit24 GmbH support you. Use the practical financing calculator below to send a non-binding enquiry to Kredit24. This will enable you to receive a customised offer that perfectly suits your needs as quickly as possible. Don't wait any longer and take the first step towards your new self today!<\/p>","protected":false},"excerpt":{"rendered":"<p>Wir freuen uns Dir die Firme Kredit24 GmbH vorstellen zu d\u00fcrfen. Unser Ziel ist es Dir die bestm\u00f6glichste rundum Betreuung und Unterst\u00fctzung bei Deinem Sch\u00f6nheitstraum zu bieten. Deshalb haben wir uns f\u00fcr eine Partnerschaft mit der Firma Kredit24 GmbH entschieden. Durch die Finanzierungsoptionen von Kredit24 kannst Du Deinen Wunscheingriff sofort durchf\u00fchren lassen und die Kosten [&hellip;]<\/p>\n","protected":false},"author":5,"featured_media":0,"parent":0,"menu_order":12,"comment_status":"closed","ping_status":"closed","template":"","meta":{"footnotes":""},"class_list":["post-234889","page","type-page","status-publish","hentry"],"meta_box":{"faq_1":[],"faq_2":[],"faq_3":[],"faq_4":[],"faq_5":[],"faq_6":[],"faq_7":[],"faq_8":[],"faq_9":[],"faq_10":[],"faq_11":[],"faq_12":[],"faq_13":[],"faq_14":[],"faq_15":[]},"_links":{"self":[{"href":"https:\/\/mybeautysurgery.com\/en\/wp-json\/wp\/v2\/pages\/234889","targetHints":{"allow":["GET"]}}],"collection":[{"href":"https:\/\/mybeautysurgery.com\/en\/wp-json\/wp\/v2\/pages"}],"about":[{"href":"https:\/\/mybeautysurgery.com\/en\/wp-json\/wp\/v2\/types\/page"}],"author":[{"embeddable":true,"href":"https:\/\/mybeautysurgery.com\/en\/wp-json\/wp\/v2\/users\/5"}],"replies":[{"embeddable":true,"href":"https:\/\/mybeautysurgery.com\/en\/wp-json\/wp\/v2\/comments?post=234889"}],"version-history":[{"count":6,"href":"https:\/\/mybeautysurgery.com\/en\/wp-json\/wp\/v2\/pages\/234889\/revisions"}],"predecessor-version":[{"id":236036,"href":"https:\/\/mybeautysurgery.com\/en\/wp-json\/wp\/v2\/pages\/234889\/revisions\/236036"}],"wp:attachment":[{"href":"https:\/\/mybeautysurgery.com\/en\/wp-json\/wp\/v2\/media?parent=234889"}],"curies":[{"name":"wp","href":"https:\/\/api.w.org\/{rel}","templated":true}]}}