{"id":235947,"date":"2024-09-12T13:47:28","date_gmt":"2024-09-12T11:47:35","guid":{"rendered":"https:\/\/mybeautysurgery.com\/?page_id=235947"},"modified":"2025-01-30T12:46:22","modified_gmt":"2025-01-30T11:46:22","slug":"follow-up-cost-insurance","status":"publish","type":"page","link":"https:\/\/mybeautysurgery.com\/en\/folgekostenversicherung\/","title":{"rendered":"Follow-up cost insurance"},"content":{"rendered":"","protected":false},"excerpt":{"rendered":"","protected":false},"author":9,"featured_media":0,"parent":0,"menu_order":2,"comment_status":"closed","ping_status":"closed","template":"","meta":{"footnotes":""},"class_list":["post-235947","page","type-page","status-publish","hentry"],"meta_box":{"faq_1":[{"frage_1":"Welche Kosten \u00fcbernimmt die Folgekostenversicherung nach einer Sch\u00f6nheits-OP?","antwort_1":"Die Folgekostenversicherung \u00fcbernimmt grunds\u00e4tzlich die Kosten medizinisch notwendiger Heilbehandlungen, die im Zusammenhang mit Ihrem kosmetischen Eingriff entstehen k\u00f6nnen. \r\nDies umfasst R\u00fcckforderungsanspr\u00fcche Ihrer Krankenkasse bis zu 300.000 \u20ac sowie die Kosten von Behandlungen in privaten Sch\u00f6nheitskliniken bis zu 10.000 \u20ac (siehe Privatabrechnungsklausel).\r\n"}],"faq_2":[{"frage_2":"Welche Kosten \u00fcbernimmt die Folgekostenversicherung nicht?","antwort_2":"Unzufriedenheit mit dem Ergebnis einer \u00e4sthetischen Behandlung wird nicht als Komplikation angesehen und f\u00e4llt daher nicht unter den Versicherungsschutz. Auch Komplikationen, die durch selbst verursachte Verletzungen entstehen, sind ausgeschlossen. Taubheitsgef\u00fchle k\u00f6nnen ein Beispiel f\u00fcr m\u00f6gliche Komplikationen sein."}],"faq_3":[{"frage_3":"Wann muss der Versicherungsbeitrag bezahlt werden?","antwort_3":"Nach Eingang Ihres Antrags wird die Versicherungspr\u00e4mie innerhalb von 3-4 Werktagen von dem von Ihnen angegebenen Konto eingezogen."}],"faq_4":[{"frage_4":"F\u00fcr welche L\u00e4nder gilt die Folgekostenversicherung?","antwort_4":"Die Folgekostenversicherung gilt f\u00fcr die L\u00e4nder Tschechien und T\u00fcrkei."}],"faq_5":[{"frage_5":"Wie sinnvoll ist eine Folgekostenversicherung?","antwort_5":"Eine Folgekostenversicherung ist f\u00fcr die Entscheidung zu einer Sch\u00f6nheitsoperation nicht vorgeschrieben, aber dringend zu empfehlen. Sie bietet finanziellen Schutz f\u00fcr den seltenen Fall, dass Folgebehandlungen erforderlich werden, und deckt die damit verbundenen Kosten ab."}],"faq_6":[{"frage_6":"Welche Eingriffe k\u00f6nnen versichert werden?","antwort_6":"\u2022\tAugenlidstraffung (Ober-\/Unterlid)\r\n\u2022\tBauchstraffung\r\n\u2022\tBodylift\r\n\u2022\tBrust-Operation (Herausnahme der Implantate)\r\n\u2022\tBrust-Operation (nur Implantatswechsel)\r\n\u2022\tBrust-Operation mit Eigenfett. Fettabsaugung\r\n\u2022\tBrust-Operation mit Implantat\r\n\u2022\tBruststraffung\r\n\u2022\tBrustverkleinerung\r\n\u2022\tBrustwarzen-Operation\r\n\u2022\tFacelift\r\n\u2022\tFacelift mit Eigenfett inkl. Fettabsaugung\r\n\u2022\tFettabsaugung\r\n\u2022\tGenitalkosmetik Frauen\r\n\u2022\tGenitalkosmetik M\u00e4nner\r\n\u2022\tHaartransplantation\r\n\u2022\tHalsstraffung\r\n\u2022\tHalsstraffung mit Eigenfett inkl. Fettabsaugung\r\n\u2022\tKinn-Operation\r\n\u2022\tKinn-Operation mit Eigenfett inkl. Fettabsaugung\r\n\u2022\tNarbenkorrektur\r\n\u2022\tNasen-Operation\r\n\u2022\tOberarmstraffung\r\n\u2022\tOberschenkelstraffung\r\n\u2022\tOhrenkorrektur: Anlegen der Ohren\r\n\u2022\tSchwei\u00dfdr\u00fcsenabsaugung\r\n\u2022\tStirn-\/Brauenlifting\r\n\u2022\tVerkleinerung der m\u00e4nnlichen Brustdr\u00fcse\/Bruststraffung (Gyn\u00e4komastie)\r\n\u2022\tWaden-Operation\r\n\u2022\tWaden-Operation mit Eigenfett inkl. Fettabsaugung\r\n\u2022\tWangen-Operation\r\n\u2022\tWangen-Operation mit Eigenfett inkl. Fettabsaugung\r\n"}],"faq_7":[{"frage_7":"Du hast noch weitere Fragen?","antwort_7":"Gerne beraten wir Dich bei allen Fragen rund um Deine Sch\u00f6nheitsoperation. \u00dcber unsere <a target=\"_blank\" href=\"\/kontakt\">Kontakt-Seite<\/a> erreichst Du uns am besten!"}],"faq_8":[],"faq_9":[],"faq_10":[],"faq_11":[],"faq_12":[],"faq_13":[],"faq_14":[],"faq_15":[]},"_links":{"self":[{"href":"https:\/\/mybeautysurgery.com\/en\/wp-json\/wp\/v2\/pages\/235947","targetHints":{"allow":["GET"]}}],"collection":[{"href":"https:\/\/mybeautysurgery.com\/en\/wp-json\/wp\/v2\/pages"}],"about":[{"href":"https:\/\/mybeautysurgery.com\/en\/wp-json\/wp\/v2\/types\/page"}],"author":[{"embeddable":true,"href":"https:\/\/mybeautysurgery.com\/en\/wp-json\/wp\/v2\/users\/9"}],"replies":[{"embeddable":true,"href":"https:\/\/mybeautysurgery.com\/en\/wp-json\/wp\/v2\/comments?post=235947"}],"version-history":[{"count":15,"href":"https:\/\/mybeautysurgery.com\/en\/wp-json\/wp\/v2\/pages\/235947\/revisions"}],"predecessor-version":[{"id":236253,"href":"https:\/\/mybeautysurgery.com\/en\/wp-json\/wp\/v2\/pages\/235947\/revisions\/236253"}],"wp:attachment":[{"href":"https:\/\/mybeautysurgery.com\/en\/wp-json\/wp\/v2\/media?parent=235947"}],"curies":[{"name":"wp","href":"https:\/\/api.w.org\/{rel}","templated":true}]}}